{"id":14,"date":"2021-09-28T13:11:38","date_gmt":"2021-09-28T11:11:38","guid":{"rendered":"http:\/\/modis-gmbh.net\/?page_id=14"},"modified":"2021-10-15T10:44:48","modified_gmt":"2021-10-15T08:44:48","slug":"impressum","status":"publish","type":"page","link":"https:\/\/modis-gmbh.net\/index.php\/impressum\/","title":{"rendered":"Impressum"},"content":{"rendered":"\n<p><strong>MoDIS GmbH<br>Dannenkamp 4<br>22869 Schenefeld<br><br>Telefon: +49 40 83 09 92 82<br>Mobil: +49 173 946 52 17<br>E-Mail:\u00a0<\/strong><a rel=\"noreferrer noopener\" href=\"mailto:info@modis-gmbh.net\" target=\"_blank\">info@modis-gmbh.net<\/a><strong><br>Internet:\u00a0<\/strong><a rel=\"noreferrer noopener\" href=\"http:\/\/www.modis-gmbh.net\/\" target=\"_blank\">www.modis-gmbh.net<\/a><strong><br><br>Vertretungsberechtigter Gesch\u00e4ftsf\u00fchrer: Andreas Kolbe<br><br>Umsatzsteueridentifikationsnummer: DE240723390<br><br>Registergericht: Pinneberg<br>Registernummer: HRB 6101<\/strong><\/p>\n\n\n\n<p>Das Copyright f\u00fcr alle auf den Webseiten stehenden Texten, Grafiken und Fotos und sonstigen Ver\u00f6ffentlichungen liegt bei Andreas Kolbe, Dannenkamp 4, D-22869 Schenefeld.<\/p>\n\n\n\n<p>Alle Rechte der Verbreitung, insbesondere im Neue Medienbereich, sind vorbehalten.<br>All rights reserved. \u00a9Copyright 2021.<\/p>\n\n\n\n<p>Die Webseiten wurde von <a href=\"https:\/\/ms4.it\" data-type=\"URL\" data-id=\"https:\/\/ms4.it\">ms4.IT<\/a> sorgf\u00e4ltig erstellt. Dennoch \u00fcbernehmen wir keine Haftung f\u00fcr die Richtigkeit, Vollst\u00e4ndigkeit und Aktualit\u00e4t der Inhalte, die ausschlie\u00dflich zur Information der Besucher dieser Webseiten dienen, \u00fcbernehmen.<\/p>\n\n\n\n<p>F\u00fcr Internetseiten Dritter, auf die meine Webseiten verweisen, tragen die jeweiligen Anbieter f\u00fcr den Inhalt die Verantwortung und ich \u00fcbernehme insoweit keine Haftung.<\/p>\n\n\n\n<p>Bei Eingabe pers\u00f6nlicher oder gesch\u00e4ftlicher Daten (Namen, Anschriften, E-Mail-Adresse) erfolgt die Preisgabe dieser Daten seitens des Nutzers auf ausdr\u00fccklich freiwilliger Basis. Ich verpflichte mich, keine Ihrer pers\u00f6nlichen Daten an Dritte weiterzuleiten, zu verkaufen oder zu vermieten.<\/p>\n\n\n\n<p>Andreas Kolbe<br>Adresse s.o.<\/p>\n","protected":false},"excerpt":{"rendered":"<p>MoDIS GmbHDannenkamp 422869 Schenefeld Telefon: +49 40 83 09 92 82Mobil: +49 173 946 52 17E-Mail:\u00a0info@modis-gmbh.netInternet:\u00a0www.modis-gmbh.net Vertretungsberechtigter Gesch\u00e4ftsf\u00fchrer: Andreas Kolbe Umsatzsteueridentifikationsnummer: DE240723390 Registergericht: PinnebergRegisternummer: HRB 6101 Das Copyright f\u00fcr alle auf den Webseiten stehenden Texten, Grafiken und Fotos und sonstigen Ver\u00f6ffentlichungen liegt bei Andreas Kolbe, Dannenkamp 4, D-22869 Schenefeld. Alle Rechte der Verbreitung, insbesondere im &hellip; <\/p>\n","protected":false},"author":1,"featured_media":0,"parent":0,"menu_order":0,"comment_status":"closed","ping_status":"closed","template":"","meta":{"footnotes":""},"class_list":["post-14","page","type-page","status-publish","hentry","latest_post","no_image"],"_links":{"self":[{"href":"https:\/\/modis-gmbh.net\/index.php\/wp-json\/wp\/v2\/pages\/14","targetHints":{"allow":["GET"]}}],"collection":[{"href":"https:\/\/modis-gmbh.net\/index.php\/wp-json\/wp\/v2\/pages"}],"about":[{"href":"https:\/\/modis-gmbh.net\/index.php\/wp-json\/wp\/v2\/types\/page"}],"author":[{"embeddable":true,"href":"https:\/\/modis-gmbh.net\/index.php\/wp-json\/wp\/v2\/users\/1"}],"replies":[{"embeddable":true,"href":"https:\/\/modis-gmbh.net\/index.php\/wp-json\/wp\/v2\/comments?post=14"}],"version-history":[{"count":5,"href":"https:\/\/modis-gmbh.net\/index.php\/wp-json\/wp\/v2\/pages\/14\/revisions"}],"predecessor-version":[{"id":228,"href":"https:\/\/modis-gmbh.net\/index.php\/wp-json\/wp\/v2\/pages\/14\/revisions\/228"}],"wp:attachment":[{"href":"https:\/\/modis-gmbh.net\/index.php\/wp-json\/wp\/v2\/media?parent=14"}],"curies":[{"name":"wp","href":"https:\/\/api.w.org\/{rel}","templated":true}]}}